{"id":615,"date":"2016-09-13T14:58:46","date_gmt":"2016-09-13T18:58:46","guid":{"rendered":"http:\/\/master.franchise.residential.dlcserver.com\/fr\/current-rates\/"},"modified":"2017-10-20T17:35:23","modified_gmt":"2017-10-20T20:05:23","slug":"current-rates","status":"publish","type":"page","link":"https:\/\/mortgagesaremarvellous.ca\/fr\/current-rates\/","title":{"rendered":"Nos Taux"},"content":{"rendered":"<div class=\"widget blue full\" id=\"current-rates\" data-index=\"0\">        <div class=\"dlc-rates\">\n           \n            <h2>TAUX ACTUELS<\/h2>\n            \n            <div class=\"rates-block\">\n                <p class=\"block-head\">LE TAUX HYPOTH\u00c9CAIRE VARIABLE ACTUEL EST DE<\/p>\n                <p class=\"block-rate\">3.70%<\/p>\n            <\/div>\n            \n            <div class=\"rates-block\">\n                <p class=\"block-head\">LE TAUX PR\u00c9F\u00c9RENTIEL ACTUEL EST DE<\/p>\n                <p class=\"block-rate\">4.45%<\/p>\n            <\/div>\n\n            <ul class=\"dlc-rate-table\">\n                <li class=\"rate-head\">\n                    <ul>\n                        <li>DUR\u00c9E<\/li>\n                        <li>TAUX BANCAIRES<\/li>\n                         <li>PAIEMENT PAR 100 000 $<\/li>\n                        <li>NOS TAUX<\/li>\n                        <li>PAIEMENT PAR 100 000 $<\/li>\n                        <li>\u00c9CONOMIES<\/li>\n                    <\/ul>\n                <\/li>\n                                    <li>\n                        <ul>\n                            <li>6 Mois<\/li>\n                            <li>7.89%<\/li>\n                            <li>$756.21<\/li>\n                            <li>4.54%<\/li>\n                            <li>$639.21<\/li>\n                            <li>$116.99<\/li>\n                        <\/ul>\n                    <\/li>\n                                    <li>\n                        <ul>\n                            <li>1 Ann\u00e9e<\/li>\n                            <li>6.15%<\/li>\n                            <li>$648.75<\/li>\n                            <li>4.54%<\/li>\n                            <li>$581.04<\/li>\n                            <li>$67.71<\/li>\n                        <\/ul>\n                    <\/li>\n                                    <li>\n                        <ul>\n                            <li>2 Ans<\/li>\n                            <li>5.44%<\/li>\n                            <li>$606.90<\/li>\n                            <li>4.39%<\/li>\n                            <li>$550.14<\/li>\n                            <li>$56.76<\/li>\n                        <\/ul>\n                    <\/li>\n                                    <li>\n                        <ul>\n                            <li>3 Ans<\/li>\n                            <li>4.62%<\/li>\n                            <li>$560.16<\/li>\n                            <li>4.34%<\/li>\n                            <li>$522.77<\/li>\n                            <li>$37.39<\/li>\n                        <\/ul>\n                    <\/li>\n                                    <li>\n                        <ul>\n                            <li>4 Ans<\/li>\n                            <li>6.01%<\/li>\n                            <li>$640.40<\/li>\n                            <li>4.39%<\/li>\n                            <li>$536.37<\/li>\n                            <li>$104.03<\/li>\n                        <\/ul>\n                    <\/li>\n                                    <li>\n                        <ul>\n                            <li>5 Ans<\/li>\n                            <li>4.56%<\/li>\n                            <li>$556.81<\/li>\n                            <li>4.39%<\/li>\n                            <li>$536.37<\/li>\n                            <li>$20.44<\/li>\n                        <\/ul>\n                    <\/li>\n                                    <li>\n                        <ul>\n                            <li>7 Ans<\/li>\n                            <li>6.41%<\/li>\n                            <li>$664.38<\/li>\n                            <li>4.54%<\/li>\n                            <li>$587.31<\/li>\n                            <li>$77.07<\/li>\n                        <\/ul>\n                    <\/li>\n                                    <li>\n                        <ul>\n                            <li> 10 Ans<\/li>\n                            <li>6.81%<\/li>\n                            <li>$688.72<\/li>\n                            <li>4.54%<\/li>\n                            <li>$601.11<\/li>\n                            <li>$87.61<\/li>\n                        <\/ul>\n                    <\/li>\n                            <\/ul>\n\n            <div class=\"rates-disclaimer\">\n                <sub>Certaines conditions peuvent s'appliquer. Les taux peuvent changer sans pr\u00e9avis. *Sur approbation de cr\u00e9dit. Sauf erreur ou omission.<\/sub>\n            <\/div>\n        <\/div>\n        <\/div>","protected":false},"excerpt":{"rendered":"<p>Nos taux sont toujours comp\u00e9titifs et nous sommes fiers de pouvoir vous offrir le taux qui vous est le plus profitable. Jetez un coup d\u2019\u0153il \u00e0 nos taux compar\u00e9s \u00e0 la concurrence.<\/p>\n","protected":false},"author":1,"featured_media":1069,"parent":0,"menu_order":0,"comment_status":"closed","ping_status":"closed","template":"","meta":[],"yoast_head":"<!-- This site is optimized with the Yoast SEO plugin v17.1 - https:\/\/yoast.com\/wordpress\/plugins\/seo\/ -->\n<meta name=\"robots\" content=\"index, follow, max-snippet:-1, max-image-preview:large, max-video-preview:-1\" \/>\n<link rel=\"canonical\" href=\"https:\/\/mortgagesaremarvellous.ca\/fr\/current-rates\/\" \/>\n<meta property=\"og:locale\" content=\"fr_FR\" \/>\n<meta property=\"og:type\" content=\"article\" \/>\n<meta property=\"og:title\" content=\"Nos Taux - Centres Hypoth\u00e9caires Dominion\" \/>\n<meta property=\"og:description\" content=\"Nos taux sont toujours comp\u00e9titifs et nous sommes fiers de pouvoir vous offrir le taux qui vous est le plus profitable. Jetez un coup d\u2019\u0153il \u00e0 nos taux compar\u00e9s \u00e0 la concurrence.\" \/>\n<meta property=\"og:url\" content=\"https:\/\/mortgagesaremarvellous.ca\/fr\/current-rates\/\" \/>\n<meta property=\"og:site_name\" content=\"Centres Hypoth\u00e9caires Dominion\" \/>\n<meta property=\"article:modified_time\" content=\"2017-10-20T20:05:23+00:00\" \/>\n<meta property=\"og:image\" content=\"https:\/\/master.franchise.residential.dlcserver.com\/wp-content\/uploads\/2016\/12\/our-rates.jpg\" \/>\n\t<meta property=\"og:image:width\" content=\"1200\" \/>\n\t<meta property=\"og:image:height\" content=\"611\" \/>\n<meta name=\"twitter:card\" content=\"summary\" \/>\n<script type=\"application\/ld+json\" class=\"yoast-schema-graph\">{\"@context\":\"https:\/\/schema.org\",\"@graph\":[{\"@type\":\"WebSite\",\"@id\":\"https:\/\/mortgagesaremarvellous.ca\/#website\",\"url\":\"https:\/\/mortgagesaremarvellous.ca\/\",\"name\":\"Centres Hypoth\\u00e9caires Dominion\",\"description\":\"Just another WordPress site\",\"potentialAction\":[{\"@type\":\"SearchAction\",\"target\":{\"@type\":\"EntryPoint\",\"urlTemplate\":\"https:\/\/mortgagesaremarvellous.ca\/?s={search_term_string}\"},\"query-input\":\"required name=search_term_string\"}],\"inLanguage\":\"fr-FR\"},{\"@type\":\"ImageObject\",\"@id\":\"https:\/\/mortgagesaremarvellous.ca\/fr\/current-rates\/#primaryimage\",\"inLanguage\":\"fr-FR\",\"url\":\"https:\/\/mortgagesaremarvellous.ca\/wp-content\/uploads\/2016\/12\/our-rates.jpg\",\"contentUrl\":\"https:\/\/mortgagesaremarvellous.ca\/wp-content\/uploads\/2016\/12\/our-rates.jpg\",\"width\":1200,\"height\":611},{\"@type\":\"WebPage\",\"@id\":\"https:\/\/mortgagesaremarvellous.ca\/fr\/current-rates\/#webpage\",\"url\":\"https:\/\/mortgagesaremarvellous.ca\/fr\/current-rates\/\",\"name\":\"Nos Taux - Centres Hypoth\\u00e9caires Dominion\",\"isPartOf\":{\"@id\":\"https:\/\/mortgagesaremarvellous.ca\/#website\"},\"primaryImageOfPage\":{\"@id\":\"https:\/\/mortgagesaremarvellous.ca\/fr\/current-rates\/#primaryimage\"},\"datePublished\":\"2016-09-13T18:58:46+00:00\",\"dateModified\":\"2017-10-20T20:05:23+00:00\",\"breadcrumb\":{\"@id\":\"https:\/\/mortgagesaremarvellous.ca\/fr\/current-rates\/#breadcrumb\"},\"inLanguage\":\"fr-FR\",\"potentialAction\":[{\"@type\":\"ReadAction\",\"target\":[\"https:\/\/mortgagesaremarvellous.ca\/fr\/current-rates\/\"]}]},{\"@type\":\"BreadcrumbList\",\"@id\":\"https:\/\/mortgagesaremarvellous.ca\/fr\/current-rates\/#breadcrumb\",\"itemListElement\":[{\"@type\":\"ListItem\",\"position\":1,\"name\":\"Home\",\"item\":\"https:\/\/mortgagesaremarvellous.ca\/fr\/\"},{\"@type\":\"ListItem\",\"position\":2,\"name\":\"Nos Taux\"}]}]}<\/script>\n<!-- \/ Yoast SEO plugin. -->","yoast_head_json":{"robots":{"index":"index","follow":"follow","max-snippet":"max-snippet:-1","max-image-preview":"max-image-preview:large","max-video-preview":"max-video-preview:-1"},"canonical":"https:\/\/mortgagesaremarvellous.ca\/fr\/current-rates\/","og_locale":"fr_FR","og_type":"article","og_title":"Nos Taux - Centres Hypoth\u00e9caires Dominion","og_description":"Nos taux sont toujours comp\u00e9titifs et nous sommes fiers de pouvoir vous offrir le taux qui vous est le plus profitable. Jetez un coup d\u2019\u0153il \u00e0 nos taux compar\u00e9s \u00e0 la concurrence.","og_url":"https:\/\/mortgagesaremarvellous.ca\/fr\/current-rates\/","og_site_name":"Centres Hypoth\u00e9caires Dominion","article_modified_time":"2017-10-20T20:05:23+00:00","og_image":[{"width":1200,"height":611,"url":"https:\/\/master.franchise.residential.dlcserver.com\/wp-content\/uploads\/2016\/12\/our-rates.jpg","path":"\/var\/www\/sites\/wps\/sites\/code\/wp-content\/uploads\/2016\/12\/our-rates.jpg","size":"full","id":1069,"alt":"","pixels":733200,"type":"image\/jpeg"}],"twitter_card":"summary","schema":{"@context":"https:\/\/schema.org","@graph":[{"@type":"WebSite","@id":"https:\/\/mortgagesaremarvellous.ca\/#website","url":"https:\/\/mortgagesaremarvellous.ca\/","name":"Centres Hypoth\u00e9caires Dominion","description":"Just another WordPress site","potentialAction":[{"@type":"SearchAction","target":{"@type":"EntryPoint","urlTemplate":"https:\/\/mortgagesaremarvellous.ca\/?s={search_term_string}"},"query-input":"required name=search_term_string"}],"inLanguage":"fr-FR"},{"@type":"ImageObject","@id":"https:\/\/mortgagesaremarvellous.ca\/fr\/current-rates\/#primaryimage","inLanguage":"fr-FR","url":"https:\/\/mortgagesaremarvellous.ca\/wp-content\/uploads\/2016\/12\/our-rates.jpg","contentUrl":"https:\/\/mortgagesaremarvellous.ca\/wp-content\/uploads\/2016\/12\/our-rates.jpg","width":1200,"height":611},{"@type":"WebPage","@id":"https:\/\/mortgagesaremarvellous.ca\/fr\/current-rates\/#webpage","url":"https:\/\/mortgagesaremarvellous.ca\/fr\/current-rates\/","name":"Nos Taux - Centres Hypoth\u00e9caires Dominion","isPartOf":{"@id":"https:\/\/mortgagesaremarvellous.ca\/#website"},"primaryImageOfPage":{"@id":"https:\/\/mortgagesaremarvellous.ca\/fr\/current-rates\/#primaryimage"},"datePublished":"2016-09-13T18:58:46+00:00","dateModified":"2017-10-20T20:05:23+00:00","breadcrumb":{"@id":"https:\/\/mortgagesaremarvellous.ca\/fr\/current-rates\/#breadcrumb"},"inLanguage":"fr-FR","potentialAction":[{"@type":"ReadAction","target":["https:\/\/mortgagesaremarvellous.ca\/fr\/current-rates\/"]}]},{"@type":"BreadcrumbList","@id":"https:\/\/mortgagesaremarvellous.ca\/fr\/current-rates\/#breadcrumb","itemListElement":[{"@type":"ListItem","position":1,"name":"Home","item":"https:\/\/mortgagesaremarvellous.ca\/fr\/"},{"@type":"ListItem","position":2,"name":"Nos Taux"}]}]}},"_links":{"self":[{"href":"https:\/\/mortgagesaremarvellous.ca\/fr\/wp-json\/wp\/v2\/pages\/615"}],"collection":[{"href":"https:\/\/mortgagesaremarvellous.ca\/fr\/wp-json\/wp\/v2\/pages"}],"about":[{"href":"https:\/\/mortgagesaremarvellous.ca\/fr\/wp-json\/wp\/v2\/types\/page"}],"author":[{"embeddable":true,"href":"https:\/\/mortgagesaremarvellous.ca\/fr\/wp-json\/wp\/v2\/users\/1"}],"replies":[{"embeddable":true,"href":"https:\/\/mortgagesaremarvellous.ca\/fr\/wp-json\/wp\/v2\/comments?post=615"}],"version-history":[{"count":3,"href":"https:\/\/mortgagesaremarvellous.ca\/fr\/wp-json\/wp\/v2\/pages\/615\/revisions"}],"predecessor-version":[{"id":1795,"href":"https:\/\/mortgagesaremarvellous.ca\/fr\/wp-json\/wp\/v2\/pages\/615\/revisions\/1795"}],"wp:featuredmedia":[{"embeddable":true,"href":"https:\/\/mortgagesaremarvellous.ca\/fr\/wp-json\/wp\/v2\/media\/1069"}],"wp:attachment":[{"href":"https:\/\/mortgagesaremarvellous.ca\/fr\/wp-json\/wp\/v2\/media?parent=615"}],"curies":[{"name":"wp","href":"https:\/\/api.w.org\/{rel}","templated":true}]}}